{"id":14,"date":"2018-02-22T18:30:11","date_gmt":"2018-02-22T18:30:11","guid":{"rendered":"http:\/\/alimisis.edumotiva.eu\/?page_id=14"},"modified":"2025-01-14T19:06:53","modified_gmt":"2025-01-14T17:06:53","slug":"publications","status":"publish","type":"page","link":"https:\/\/alimisis.edumotiva.eu\/?page_id=14","title":{"rendered":"Publications"},"content":{"rendered":"<p>Papasarantou, C., Alimisis, D. &amp; Theodoropoulos, E. (2025). The AI-enhanced DIY robotic car: introducing the five big ideas of AI. In S. Papadakis &amp; G. Lampropoulos (Ed.), Intelligent Educational Robots: Toward Personalized Learning Environments (pp. 245-262). Berlin, Boston: De Gruyter.\u00a0<strong><a href=\"https:\/\/doi.org\/10.1515\/9783111352695-014\" target=\"_blank\" rel=\"noopener\">https:\/\/doi.org\/10.1515\/9783111352695-014<\/a><\/strong><\/p>\n<p>Papasarantou, C., Alimisis, D. and Alimisi, R (2023),\u00a0<a href=\"https:\/\/admin.scilit.net\/scitations\/link_track?doi=10.3390\/educsci13121168&amp;id=598683\" target=\"_blank\" rel=\"noopener\"><i><strong>Virtual Galleries as Learning Scaffolds for Promoting Problem-Based Learning<\/strong><\/i><\/a>, Education Sciences 2023.<\/p>\n<p>\u00d6stlund B, Malvezzi M, Frennert S, Funk M, Gonzalez-Vargas J, Baur K, Alimisis D, Thorsteinsson F, Alonso-Cepeda A, Fau G, Haufe F, Di Pardo M and Moreno JC (2023) Interactive robots for health in Europe: Technology readiness and adoption potential. Front. Public Health 11:979225. Open access <a href=\"https:\/\/www.frontiersin.org\/articles\/10.3389\/fpubh.2023.979225\/full\">DOI 10.3389\/fpubh.2023.979225\u00a0<\/a><\/p>\n<p>Papasarantou, C., Alimisis, D., Geramani, K. and Ioannidis, G. (2022) \u201cIntroducing Artificial Intelligence in school education: the Edu4AI project\u201d, in proceedings of the 17th edition of the EUTIC Conference- In the intersection of Art, Science and Technology: Dialogos between humans and machines, Department of Audio &amp; Visual Arts, Ionian University, Corfu, Greece, pp. 272-280, available online: https:\/\/avarts.ionio.gr\/eutic\/en\/proceedings\/ <a href=\"https:\/\/edumotiva.eu\/edumotiva\/wp-content\/uploads\/2023\/11\/Paper-from-EUTIC-proceedings-2023.pdf\" target=\"_blank\" rel=\"noopener\">open access<\/a>\u00a0<\/p>\n<p>Papasarantou, C, Alimisis, D, Geramani, K, Ioannidis, Theodoropoulos, E. (2022) \u201cArtificial Intelligence for \u03a5oung Students: The Edu4AI Project Handbook\u201d, <em>Proceedings of Conference on Informatics in Education 2022<\/em>, GREEK COMPUTER SOCIETY, pp. 21-31, available <a href=\"https:\/\/edumotiva.eu\/edumotiva\/wp-content\/uploads\/2022\/11\/02.021-031-CIE_2022_paper_1519.pdf\">online<\/a><\/p>\n<p>Alimisis, D. Technologies for an inclusive robotics education [version 2; peer review: 3 approved]. Open Research Europe 2021, 1:40 (open access <a href=\"https:\/\/doi.org\/10.12688\/openreseurope.13321.2\" target=\"_blank\" rel=\"noopener\">https:\/\/doi.org\/10.12688\/openreseurope.13321.2<\/a>)<\/p>\n<p><a href=\"https:\/\/link.springer.com\/content\/pdf\/bfm%3A978-3-030-77022-8%2F1.pdf\" target=\"_blank\" rel=\"noopener\">Education in &amp; with Robotics to Foster 21st-Century Skills (2021)<\/a> Proceedings of EDUROBOTICS 2020 Editors Editors: Monica Malvezzi, Dimitris Alimisis, Michele Moro, Springer, Part of the\u00a0<a href=\"https:\/\/link.springer.com\/bookseries\/7092\">Studies in Computational Intelligence<\/a>\u00a0book series\u00a0<span class=\"test-AbbreviationVolumeNumber\">(SCI, volume 982).<\/span><\/p>\n<p>Sapounidis, T., &amp; Alimisis, D. (2020). Educational Robotics for STEM: A Review of Technologies and Some Educational Considerations. In L. Leite, E. Oldham, A. Afonso, V. Floriano, L. Dourado, &amp; M. H. Martinho (Eds.), Science and Mathematics Education for 21st Century Citizens: Challenges and Ways Forward (pp. 167\u2013190). Nova science publishers.<\/p>\n<p>Moro, M., Alimisis, D., Iocchi, L. (Eds.) (2020), Educational Robotics in the Context of the Maker Movement, Spinger <a href=\"https:\/\/www.springer.com\/in\/book\/9783030181406\" target=\"_blank\" rel=\"noopener noreferrer\">https:\/\/www.springer.com\/in\/book\/9783030181406<\/a><\/p>\n<div class=\"content-type-list__title\">Rene Alimisi, Dimitris Loukatos, Emmanouil Zoulias, Dimitris Alimisis <a class=\"content-type-list__link u-interface-link\" href=\"https:\/\/link.springer.com\/chapter\/10.1007\/978-3-030-18141-3_3\">Introducing the Making Culture in Teacher Education: The eCraft2Learn Project,\u00a0<\/a>In <span class=\"content-type-list__text\" data-test=\"page-range\">Moro, M., Alimisis, D., Iocchi, L. (Eds.) (2020), Educational Robotics in the Context of the Maker Movement, Spinger pp. 27-41<\/span><\/div>\n<div>\u00a0<\/div>\n<div>\n<p>Alimisis, D. Teacher Training in Educational Robotics: The ROBOESL Project Paradigm.\u00a0<i>Tech Know Learn<\/i>\u00a0<b>24,\u00a0<\/b>279\u2013290 (2019). full-text available @ <a href=\"http:\/\/em.rdcu.be\/wf\/click?upn=KP7O1RED-2BlD0F9LDqGVeSEYOnjG7mvtuGKERHvbqHC0-3D_Bvw0veLJe7YkzaU8PnJh6uCm0PBucUj60zA0qEjmOBg4k7WW24D-2BA4zY9m7y4iaXpl60GGuEwaMZ2JtPNY4bKf8-2B-2FeyoVect962pBcWyd-2FavmsXmMX7I8nxbTsD7f3bGvXcskaljfWXCjGqVHqE3sC3aWRRkHOT2XrwHeLMqNfUsQb10MKjknhP09YvlRQRyVUZHo79a3lbnpDd91yNmr2-2FEz73QlIWhgjUWh9NW8sZeMjKboAKA2cQbsUmKBL0iq-2FSH6sYQt0GuJLzPhUxLkQ-3D-3D\" target=\"_blank\" rel=\"noopener noreferrer\">Springer Link<\/a><\/p>\n<\/div>\n<p>Alimisis D., Moro M., Menegatti E. (eds) (2017) <a href=\"http:\/\/www.springer.com\/gp\/book\/9783319555522\">Educational Robotics in the Makers Era.<\/a> \u00a0Part of the\u00a0<a href=\"https:\/\/link.springer.com\/bookseries\/11156\">Advances in Intelligent Systems and Computing<\/a>\u00a0book series\u00a0(AISC, volume 560). Springer, Cham<\/p>\n<p>Alimisis, D., Moro, M. (2016). Editorial: Special issue on educational robotics. <em>Robotics and Autonomous Systems<\/em>, Elsevier, Vol 77, pp 74-75, <a href=\"https:\/\/doi.org\/10.1016\/j.robot.2015.12.006\" target=\"_blank\" rel=\"noopener noreferrer\">https:\/\/doi.org\/10.1016\/j.robot.2015.12.006<\/a><\/p>\n<p>Co-editor of the <a href=\"http:\/\/earthlab.uoi.gr\/theste\/index.php\/theste\/issue\/view\/14\">special issue on Educational Robotics<\/a> in the journal \u201cThemes in Science &amp; Technology Education\u201d, 6(1), 2013<\/p>\n<p>Dimitris Alimisis (2014),\u00a0Educational Robotics in Teacher Education: an Innovative Tool for Promoting Quality Education, in\u00a0<a href=\"http:\/\/www.cambridgescholars.com\/the-teacher-of-the-21st-century\">L.\u00a0Daniela, I. L\u016bka, L. Rutka and I. \u017dogla (Eds)\u00a0&#8220;Teacher of the 21st Century: Quality Education for Quality Teaching&#8221;<\/a>,\u00a0Cambridge Scholars Publishing, p.14-27<\/p>\n<p>Alimisis, D. (Ed.), <a href=\"http:\/\/alimisis.edumotiva.eu\/wp-content\/uploads\/2019\/05\/Alimisis-Ed.-TERECOP-book-ASPETE-Athens-2009.pdf\" target=\"_blank\" rel=\"noopener noreferrer\"><em>Teacher Education in Robotics &#8211; enhanced Constructivist Pedagogical Methods<\/em><\/a>, ASPETE, Athens (2009)<\/p>\n<p>Alimisis, D., Kynigos, C.: Constructionism and Robotics in education. In: Alimisis, D. (ed.) Teacher Education on Robotic-Enhanced Constructivist Pedagogical Methods, pp. 11-26. ASPETE, Athens (2009) <a href=\"http:\/\/scholar.google.com\/scholar_lookup?title=Constructionism%20and%20Robotics%20in%20education&amp;author=D..%20Alimisis&amp;author=C..%20Kynigos&amp;pages=11-26&amp;publication_year=2009\">Google Scholar<\/a><\/p>\n<p>Alimisis D., Computer as tool of productivity, information and communication in education, Ion, Athens, 2003 (in Greek)<\/p>\n<p>Alimisis, Interactive Modelling in Science, in D. Ursutiu and D. Alimisis, Modelling and Simulation Software in Chemistry, Transilvania Univerity <em>Press<\/em>, Brasov, 2002.<\/p>\n<p>Development of a problem-based curriculum for robotic surgical training, Deliverable 7.2, European Research Project SAFROS\u2014 Seventh Framework Programme, Theme [ICT-2009.5.2] &#8211; ICT for Patient Safety, 2012.<\/p>\n<p>Report: report on curricula design and validation criteria, Deliverable 7.1, European Research Project SAFROS\u2014 Seventh Framework Programme, Theme [ICT-2009.5.2] &#8211; ICT for Patient Safety, 2011.<\/p>\n<p>D. Alimisis, R. Alimisi, D. Loukatos, E. Zoulias (2019),<br data-rich-text-line-break=\"true\" \/>Kids make their own robots: good practices from the eCraft2Learn project,<br data-rich-text-line-break=\"true\" \/>FORMARE, Firenze University Press, Vol 19, N\u00b0 1, P. 12-29 (Invited paper), <a href=\"http:\/\/www.fupress.net\/index.php\/formare\/article\/view\/24733\" target=\"_blank\" rel=\"noreferrer noopener\" aria-label=\"available online (opens in a new tab)\">open access<\/a><\/p>\n<p>D. Alimisis (2018), Teacher Training in Educational Robotics: The ROBOESL Project Paradigm, Technology, Knowledge and Learning, 24(2), 279-290, <strong>DOI<\/strong> 10.1007\/s10758-018-9357-0,\u00a0full-text view-only version of the paper @\u00a0<a href=\"http:\/\/em.rdcu.be\/wf\/click?upn=KP7O1RED-2BlD0F9LDqGVeSEYOnjG7mvtuGKERHvbqHC0-3D_Bvw0veLJe7YkzaU8PnJh6uCm0PBucUj60zA0qEjmOBg4k7WW24D-2BA4zY9m7y4iaXpl60GGuEwaMZ2JtPNY4bKf8-2B-2FeyoVect962pBcWyd-2FavmsXmMX7I8nxbTsD7f3bGvXcskaljfWXCjGqVHqE3sC3aWRRkHOT2XrwHeLMqNfUsQb10MKjknhP09YvlRQRyVUZHo79a3lbnpDd91yNmr2-2FEz73QlIWhgjUWh9NW8sZeMjKboAKA2cQbsUmKBL0iq-2FSH6sYQt0GuJLzPhUxLkQ-3D-3D\" target=\"_blank\" rel=\"noopener noreferrer\">Springer Link,\u00a0<\/a>final publication at <a href=\"http:\/\/link.springer.com\/article\/10.1007\/s10758-018-9357-0\" target=\"_blank\" rel=\"noopener noreferrer\">link.springer.com<\/a><\/p>\n<p>Linda Daniela, Strods Raimonds, Alimisis Dimitris (2018), ANALYSIS OF ROBOTICS-BASED LEARNING INTERVENTIONS FOR PREVENTING SCHOOL FAILURE AND EARLY SCHOOL LEAVING IN GENDER CONTEXT, In L. G\u00f3mez Chova, A. L\u00f3pez Mart\u00ednez, I. Candel Torres (Eds.)\u00a0 <em>EDULEARN 9th annual International Conference on Education and New Learning Technologies<\/em>, IATED Academy, Barcelona, pp. 0810-0818 (<a href=\"http:\/\/alimisis.edumotiva.eu\/wp-content\/uploads\/2019\/07\/Daniela_Strods_Alimisis-ROBOESL-2017-1.pdf\">full paper available)<\/a><\/p>\n<p>Alimisis, M. Beynon, J. Foss, E. Hudnott, Steve Russ (2015), The CONSTRUIT! Project: introducing construals into school education, Proceedings of 8th Pan-Hellenic Teachers\u2019 Conference on ICT in education, Syros (Greece), p. 1390-99 (in Greek).<\/p>\n<p>Dimitris Alimisis and George Boulougaris (2014), <a href=\"http:\/\/www.terecop.eu\/TRTWR-RIE2014\/files\/00_WFr1\/00_WFr1_01.pdf\">Robotics in physics education: fostering graphing abilities in kinematics<\/a>, Proceedings of 4th International Workshop Teaching Robotics, Teaching with Robotics &amp; 5th International Conference Robotics in Education Padova (Italy) July 18, 2014 ISBN 978-88-95872-06-3 pp. 2-10.<\/p>\n<p>Siiman, M. Pedaste, E. T\u00f5nisson, R. Sell, T. Jaakkola, D. Alimisis (2014), A Review of Interventions to Recruit and Retain ICT Students,\u00a0International Journal of Modern Education and Computer Science,\u00a03, 45-54\u00a0<a href=\"http:\/\/www.mecs-press.org\/ijmecs\/ijmecs-v6-n3\/IJMECS-V6-N3-6.pdf\">Published Online March 2014<\/a><\/p>\n<p>Alimisis, Dimitris; Zoulias, Emmanouil (2013),\u00a0<a href=\"http:\/\/www.emeraldinsight.com\/journals.htm?issn=1741-5659\">\u201cAligning Technology with Learning Theories: A Simulator-Based Training Curriculum in Surgical Robotics\u201d<\/a>, Interactive Technology and Smart Education, vol:10, iss:3, pp.211 \u2013 229, DOI:<a href=\"http:\/\/dx.doi.org\/10.1108\/ITSE-05-2013-0011\">10.1108\/ITSE-05-2013-0011<\/a><\/p>\n<p>Alimisis, D. (2013). <a href=\"http:\/\/earthlab.uoi.gr\/theste\/index.php\/theste\/article\/download\/119\/85\">Educational robotics: Open questions and new challenges.<\/a> Themes in Science and Technology\u00a0Education, 6(1), 63-71<\/p>\n<p>Alimisis, M. Fengou, E. Zoulias (2013),\u00a0<a href=\"http:\/\/www.etlab.eu\/files\/ES_2013a.pdf\">Robotics in Surgery: Designing a Simulator-Based Training Curriculum<\/a>. In P. Kommers &amp; P. Isa\u00edas (eds.) <em>Proceedings of the International Conference e-Society 2013<\/em>, Lisbon, pp. 233-240.<\/p>\n<p>Dimitris Alimisis, Michele Moro (eds.) (2013), Special issue \u201cTeaching robotics, teaching with robotics\u201d in the Themes in Science and Technology Education Journal, 6(1), <a href=\"http:\/\/earthlab.uoi.gr\/theste\/index.php\/theste\/issue\/view\/14\">http:\/\/earthlab.uoi.gr\/theste\/index.php\/theste\/issue\/view\/14<\/a><\/p>\n<p>Alimisis, D. (2012), <a href=\"http:\/\/www.ksi.mff.cuni.cz\/rie2012\/proceedings\/2012RiE-00.pdf\"><em>&#8220;Robotics in Education &amp; Education in Robotics: Shifting Focus from Technology to Pedagogy&#8221;<\/em><\/a>, In Proceedings of the 3rd international conference on Robotics in Education, RiE2012. September 2012., pp. 7-14. MatfyzPress, Czech Republic.<\/p>\n<p>Detsikas, N. &amp; Alimisis, D. (2011). Status and Trends in Educational Robotics Worldwide with Special Consideration of Educational Experiences from Greek Schools. In Proceedings of the International Conference on Informatics in Schools: Situation, Evolution and Perspectives (ISSEP), Comenius University, Bratislava.<\/p>\n<p>Alimisis, D. &amp; Plessas, A. (2011). Teacher Distance Training in Educational Robotics through Synchronous Audiographic Conferencing: towards a learner-centered approach. In Proceedings of World Conference on Educational Multimedia, Hypermedia and Telecommunications 2011 (pp. 901-906). Chesapeake, VA: AACE, available at <a href=\"http:\/\/www.editlib.org\/p\/37977\">http:\/\/www.editlib.org\/p\/37977<\/a><\/p>\n<p>Alimisis, D., Vicentini, M. &amp; Fiorini, P. (2011). Towards a problem-based training curriculum for surgical robotics: the SAFROS project. In Proceedings of World Conference on Educational Multimedia, Hypermedia and Telecommunications 2011 (pp. 297-302). Chesapeake, VA: AACE, available at <a href=\"http:\/\/www.editlib.org\/p\/37882\">http:\/\/www.editlib.org\/p\/37882<\/a><\/p>\n<p>Alimisis, J. Arlegui, N. Fava, S. Frangou, S. Ionita, E. Menegatti, S. Monfalcon, M. Moro, K. Papanikolaou, A. Pina, (2010). Introducing robotics to teachers and schools: experiences from the TERECoP project, Costructionism 2010 Conference Proceedings, Paris<\/p>\n<p>Alimisis, Robotic technologies as vehicles of new ways of thinking about constructivist teaching and learning: The TERECoP Project , <em>IEEE Robotics and Automation Magazine, <\/em>IEEE Robotics and Automation Society, Vol. 16 (3), Page(s): 21-23 (2009)<\/p>\n<p>Alimisis, D., Frangou, S., Papanikolaou, K. A constructivist methodology for Teacher Training in educational robotics: the TERECoP course in Greece through trainees\u2019 eyes, <em>The 9 <sup>th<\/sup> IEEE International Conference on Advanced Learning Technologies (I CALT2009),<\/em> Riga, Latvia<\/p>\n<p>Papanikolaou, K., Frangou, S., Alimisis, D. Teachers as designers of robotics-enhanced projects: the TERECoP course in Greece. <em>Intl. Conf. on SIMULATION, MODELING and PROGRAMMING for AUTONOMOUS ROBOTS, <\/em>Venice(Italy) 2008 November,3-4, ISBN 978-88-95872-01-8, pp. 100-111<\/p>\n<p>Alimisis, D. Designing robotics-enhanced constructivist training for science and technology teachers: the TERECoP Project. In <em>Proceedings of ED-MEDIA 2008-World Conference on Educational Multimedia, Hypermedia &amp; Telecommunications,<\/em> Vienna, Austria. Published by Association for the Advancement of Computing in Education (AACE), USA, p. 288-293<\/p>\n<p>Alimisis, D., Moro, M.,\u00a0 Arlegui, J., Pina, A., Frangou, S., Papanikolaou, K.: Robotics &amp; Constructivism in Education: The TERECoP Project. In: Kalas, I. (ed.) Proceedings of the 11th European Logo Conference, Bratislava, Slovakia, Faculty of Methematics, Physics and Informatics, Comenius University, Bratislava, August 19-24 (2007) ISBN 978-80-89186-20-4 <a href=\"https:\/\/scholar.google.com\/scholar?q=Alimisis%2C%20D.%2C%20Michele%2C%20M.%2C%20Arlegui%2C%20J.%2C%20Pina%2C%20A.%2C%20Frangou%2C%20S.%2C%20Papanikolaou%2C%20K.%3A%20Robotics%20%26%20Constructivism%20in%20Education%3A%20The%20TERECoP%20Project.%20In%3A%20Kalas%2C%20I.%20%28ed.%29%20Proceedings%20of%20the%2011th%20European%20Logo%20Conference%2C%20Bratislava%2C%20Slovakia%2C%20Faculty%20of%20Methematics%2C%20Physics%20and%20Informatics%2C%20Comenius%20University%2C%20Bratislava%2C%20August%2019-24%20%282007%29%20ISBN%20978-80-89186-20-4\">Google Scholar<\/a><\/p>\n<p>Alimisis, D. Robotics-enhanced constructivist learning: the TERECoP project, in Pavlos Koulouris &amp; Sofoklis Sotiriou (editors), <em>Rural Learning for Development: Experiences from Europe,<\/em> Report on Rural Learning for Development and Book of Proceedings of the 2007 RuraLEARN Conference and Workshops, Mesta, Chios, Greece, 24-27 June 2007, Ellinogermaniki Agogi, Greece, p. 207-213<\/p>\n<p>Alimisis, D., karatrantou, A., Tachos, N., Technical school students design and develop robotic gear-based constructions for the transmission of motion, <em>Eurologo 2005, Digital Tools for Lifelong Learning, Proceedings, <\/em>Warsaw, Poland, 2005, p. 76-86. <a href=\"http:\/\/scholar.google.com\/scholar_lookup?title=Technical%20School%20Students%20Design%20and%20Develop%20Robotic%20Gear-Based%20Constructions%20for%20the%20Transmission%20of%20Motion&amp;author=D..%20Alimisis&amp;author=A..%20Karatrantou&amp;author=N..%20Tachos&amp;pages=76-86&amp;publication_year=2005\">Google Scholar<\/a><\/p>\n<p>Alimisis D. and Duta-Capra A., Teacher education in the computer-based modelling in the field of science education, <em>Proceedings of the 4<sup>th<\/sup> National Conference with international participation \u201cICT in education\u201d,<\/em> <em>University of Athens<\/em>, 2004, p. 317-326. (in Greek)<\/p>\n<p>Alimisis D., Teaching the Instantaneous Velocity as the Limit of \u0394x\/\u0394t: A Computer Based Approach, <em>Proceedings of the Third International Conference on Science Education Research in the Knowledge Based Society, ESERA,<\/em> Aristotle University of Thessaloninki,<em>,<\/em> 2001, p. 264-6.<\/p>\n<p>Alimisis D., Computer-based modeling as learning tool in kinematics, <em>Proceedings of the 6<sup>th<\/sup> International Conference on Technology in Mathematics Teaching,<\/em> University of Thessaly,<em>\u00a0 <\/em>2003, p. 191-5.<\/p>\n<p>Alimisis D., From graph to model: Students as creators of models through PC use, <em>Proceedings of the 6<sup>th<\/sup> International Conference on Technology in Mathematics Teaching, University of Thessaly,<\/em> 2003, p. 196-200.<\/p>\n<p>Alimisis D., Logo and Teacher Education, <em>Proceedings of the 5<sup>th<\/sup> National Conference with international participation \u201cMaths Didactics and Informatics in Education\u201d,<\/em> Aristotle University of Thessaloninki,<em> p.<\/em>550-557, 2001 (in Greek).<\/p>\n\n\n<figure class=\"wp-block-gallery has-nested-images columns-default is-cropped wp-block-gallery-1 is-layout-flex wp-block-gallery-is-layout-flex\"><\/figure>\n\n\n\n<p><\/p>\n","protected":false},"excerpt":{"rendered":"<p>Papasarantou, C., Alimisis, D. &amp; Theodoropoulos, E. (2025). The AI-enhanced DIY robotic car: introducing the five big ideas of AI. In S. Papadakis &amp; G. Lampropoulos (Ed.), Intelligent Educational Robots: Toward Personalized Learning Environments (pp. 245-262). Berlin, Boston: De Gruyter.\u00a0https:\/\/doi.org\/10.1515\/9783111352695-014 Papasarantou, C., Alimisis, D. and Alimisi, R (2023),\u00a0Virtual Galleries as Learning Scaffolds for Promoting Problem-Based &hellip; <a href=\"https:\/\/alimisis.edumotiva.eu\/?page_id=14\" class=\"more-link\">Continue reading <span class=\"screen-reader-text\">Publications<\/span><\/a><\/p>\n","protected":false},"author":1,"featured_media":0,"parent":0,"menu_order":0,"comment_status":"closed","ping_status":"closed","template":"","meta":{"footnotes":""},"class_list":["post-14","page","type-page","status-publish","hentry"],"_links":{"self":[{"href":"https:\/\/alimisis.edumotiva.eu\/index.php?rest_route=\/wp\/v2\/pages\/14","targetHints":{"allow":["GET"]}}],"collection":[{"href":"https:\/\/alimisis.edumotiva.eu\/index.php?rest_route=\/wp\/v2\/pages"}],"about":[{"href":"https:\/\/alimisis.edumotiva.eu\/index.php?rest_route=\/wp\/v2\/types\/page"}],"author":[{"embeddable":true,"href":"https:\/\/alimisis.edumotiva.eu\/index.php?rest_route=\/wp\/v2\/users\/1"}],"replies":[{"embeddable":true,"href":"https:\/\/alimisis.edumotiva.eu\/index.php?rest_route=%2Fwp%2Fv2%2Fcomments&post=14"}],"version-history":[{"count":36,"href":"https:\/\/alimisis.edumotiva.eu\/index.php?rest_route=\/wp\/v2\/pages\/14\/revisions"}],"predecessor-version":[{"id":465,"href":"https:\/\/alimisis.edumotiva.eu\/index.php?rest_route=\/wp\/v2\/pages\/14\/revisions\/465"}],"wp:attachment":[{"href":"https:\/\/alimisis.edumotiva.eu\/index.php?rest_route=%2Fwp%2Fv2%2Fmedia&parent=14"}],"curies":[{"name":"wp","href":"https:\/\/api.w.org\/{rel}","templated":true}]}}